{"id":9829,"date":"2015-08-04T20:23:58","date_gmt":"2015-08-04T20:23:58","guid":{"rendered":"http:\/\/budapestgaleria.hu\/uj\/?page_id=9829"},"modified":"2025-10-22T19:17:27","modified_gmt":"2025-10-22T19:17:27","slug":"kiadvanyok","status":"publish","type":"page","link":"https:\/\/budapestgaleria.hu\/uj\/kiadvanyok\/","title":{"rendered":"Kiadv\u00e1nyok"},"content":{"rendered":"<div class=\"wpb-content-wrapper\"><p>[vc_row css_animation=&#8221;&#8221; seperator_indeed_locker=&#8221;&#8221; row_type=&#8221;row&#8221; use_row_as_full_screen_section=&#8221;no&#8221; type=&#8221;grid&#8221; angled_section=&#8221;no&#8221; text_align=&#8221;left&#8221; background_image_as_pattern=&#8221;without_pattern&#8221; template=&#8221;ism_template_1&#8243; ism_overlock=&#8221;default&#8221; sm_d_text=&#8221;<\/p>\n<h2>This content is locked<\/h2>\n<p>Share This Page To Unlock The Content!&#8221; disable_mobile=&#8221;0&#8243; twitter_hide_mobile=&#8221;0&#8243; twitter_unlock_onclick=&#8221;0&#8243;][vc_column][vc_single_image image=&#8221;13507&#8243; img_size=&#8221;full&#8221; qode_css_animation=&#8221;&#8221;][vc_empty_space height=&#8221;32&#8243;][\/vc_column][\/vc_row][vc_row css_animation=&#8221;&#8221; row_type=&#8221;row&#8221; use_row_as_full_screen_section=&#8221;no&#8221; type=&#8221;grid&#8221; angled_section=&#8221;no&#8221; text_align=&#8221;left&#8221; background_image_as_pattern=&#8221;without_pattern&#8221; template=&#8221;ism_template_1&#8243; ism_overlock=&#8221;default&#8221; sm_d_text=&#8221;<\/p>\n<h2>This content is locked<\/h2>\n<p>Share This Page To Unlock The Content!&#8221; disable_mobile=&#8221;0&#8243; twitter_hide_mobile=&#8221;0&#8243; twitter_unlock_onclick=&#8221;0&#8243;][vc_column][vc_column_text]<\/p>\n<h4 class=\"cim_2\">\u00daj Budapest Gal\u00e9ria | Kiadv\u00e1nyok<\/h4>\n<p>[\/vc_column_text][vc_empty_space height=&#8221;32&#8243;][vc_accordion style=&#8221;accordion&#8221;][vc_accordion_tab title=&#8221;2019&#8243;][vc_column_text css=&#8221;&#8221;]<\/p>\n<p class=\"archive\"><a href=\"https:\/\/budapestgaleria.hu\/uj\/kiadvanyok\/csorgo-attila-mozgasterek\/\">Cs\u00f6rg\u0151 Attila: <em>Mozg\u00e1sterek<\/em><\/a><\/p>\n<p class=\"archive\"><a href=\"https:\/\/budapestgaleria.hu\/uj\/kiadvanyok\/leptek\/\">L\u00e9pt\u00e9k<\/a><\/p>\n<p>[\/vc_column_text][\/vc_accordion_tab][vc_accordion_tab title=&#8221;2018&#8243;][vc_column_text]<\/p>\n<p class=\"archive\"><a href=\"http:\/\/budapestgaleria.hu\/uj\/kiadvanyok\/rakoczy-gizella-transzparens-labirintus-konyv\/\">R\u00e1k\u00f3czy Gizella: Transzparens labirintus<\/a><\/p>\n<p class=\"archive\"><a href=\"http:\/\/budapestgaleria.hu\/uj\/kiadvanyok\/ketfeju-gyufa\/\">K\u00e9tfej\u0171 gyufa | V\u00e1logat\u00e1s n\u00e9gy kort\u00e1rs rom\u00e1n mag\u00e1ngy\u0171jtem\u00e9nyb\u0151l<\/a><\/p>\n<p>[\/vc_column_text][\/vc_accordion_tab][vc_accordion_tab title=&#8221;2016&#8243;][vc_column_text]<\/p>\n<p class=\"archive\"><a href=\"http:\/\/budapestgaleria.hu\/uj\/kiadvanyok\/profetaparade-a-lodz-kaliska-csoport-muveszeti-projektje-ibooks-pdf\/\">Pr\u00f3f\u00e9tapar\u00e1d\u00e9 | A \u0141\u00f3d\u017a Kaliska csoport m\u0171v\u00e9szeti projektje<\/a><\/p>\n<p class=\"archive\"><a href=\"http:\/\/budapestgaleria.hu\/uj\/kiadvanyok\/nagyitasok-1963-ibooks-pdf\/\"><em>Nagy\u00edt\u00e1sok \u2013 1963<\/em> | Az <em>Old\u00e1s \u00e9s k\u00f6t\u00e9s<\/em> kora<\/a><\/p>\n<p class=\"archive\"><a href=\"http:\/\/budapestgaleria.hu\/uj\/kiadvanyok\/idoalap-pdf-konyv\/\">Id\u0151alap | Timebase<\/a><\/p>\n<p>[\/vc_column_text][\/vc_accordion_tab][vc_accordion_tab title=&#8221;2015&#8243;][vc_column_text]<\/p>\n<p class=\"archive\"><a href=\"http:\/\/budapestgaleria.hu\/uj\/kiadvanyok\/tobb-feny-ibooks\/\">T\u00f6bb f\u00e9ny! F\u00e9nyk\u00f6rnyezetek<\/a><\/p>\n<p class=\"archive\"><a href=\"http:\/\/budapestgaleria.hu\/uj\/kiadvanyok\/kortarsak-gyujtok-es-muveszek-ibooks\/\">Kort\u00e1rsak: gy\u0171jt\u0151k \u00e9s m\u0171v\u00e9szek<\/a><\/p>\n<p>[\/vc_column_text][\/vc_accordion_tab][vc_accordion_tab title=&#8221;2014&#8243;][vc_column_text]<\/p>\n<p class=\"archive\"><a href=\"http:\/\/budapestgaleria.hu\/uj\/kiadvanyok\/a-mecenas-fovaros-a-fovarosi-keptar\/\">A mec\u00e9n\u00e1s f\u0151v\u00e1ros \u2013 A F\u0151v\u00e1rosi K\u00e9pt\u00e1r<\/a><\/p>\n<p>[\/vc_column_text][\/vc_accordion_tab][vc_accordion_tab title=&#8221;2013&#8243;][vc_column_text]<\/p>\n<p class=\"archive\"><a href=\"http:\/\/budapestgaleria.hu\/uj\/kiadvanyok\/budapesti-merites\/\">Budapesti mer\u00edt\u00e9s<\/a><\/p>\n<p>[\/vc_column_text][\/vc_accordion_tab][\/vc_accordion][\/vc_column][\/vc_row][vc_row css_animation=&#8221;&#8221; row_type=&#8221;row&#8221; use_row_as_full_screen_section=&#8221;no&#8221; type=&#8221;full_width&#8221; angled_section=&#8221;no&#8221; text_align=&#8221;left&#8221; background_image_as_pattern=&#8221;without_pattern&#8221;][vc_column][vc_empty_space height=&#8221;45px&#8221;][\/vc_column][\/vc_row]<\/p>\n<\/div>","protected":false},"excerpt":{"rendered":"<p>[vc_row css_animation=&#8221;&#8221; seperator_indeed_locker=&#8221;&#8221; row_type=&#8221;row&#8221; use_row_as_full_screen_section=&#8221;no&#8221; type=&#8221;grid&#8221; angled_section=&#8221;no&#8221; text_align=&#8221;left&#8221; background_image_as_pattern=&#8221;without_pattern&#8221; template=&#8221;ism_template_1&#8243; ism_overlock=&#8221;default&#8221; sm_d_text=&#8221; This content is locked Share This Page To Unlock The Content!&#8221; disable_mobile=&#8221;0&#8243; twitter_hide_mobile=&#8221;0&#8243; twitter_unlock_onclick=&#8221;0&#8243;][vc_column][vc_single_image image=&#8221;13507&#8243; img_size=&#8221;full&#8221; qode_css_animation=&#8221;&#8221;][vc_empty_space height=&#8221;32&#8243;][\/vc_column][\/vc_row][vc_row css_animation=&#8221;&#8221; row_type=&#8221;row&#8221; use_row_as_full_screen_section=&#8221;no&#8221; type=&#8221;grid&#8221; angled_section=&#8221;no&#8221; text_align=&#8221;left&#8221; background_image_as_pattern=&#8221;without_pattern&#8221; template=&#8221;ism_template_1&#8243; ism_overlock=&#8221;default&#8221; sm_d_text=&#8221; This content is locked Share&#8230;<\/p>\n","protected":false},"author":1,"featured_media":0,"parent":0,"menu_order":27,"comment_status":"closed","ping_status":"closed","template":"full_width.php","meta":{"inline_featured_image":false,"footnotes":""},"class_list":["post-9829","page","type-page","status-publish","hentry"],"_links":{"self":[{"href":"https:\/\/budapestgaleria.hu\/uj\/wp-json\/wp\/v2\/pages\/9829","targetHints":{"allow":["GET"]}}],"collection":[{"href":"https:\/\/budapestgaleria.hu\/uj\/wp-json\/wp\/v2\/pages"}],"about":[{"href":"https:\/\/budapestgaleria.hu\/uj\/wp-json\/wp\/v2\/types\/page"}],"author":[{"embeddable":true,"href":"https:\/\/budapestgaleria.hu\/uj\/wp-json\/wp\/v2\/users\/1"}],"replies":[{"embeddable":true,"href":"https:\/\/budapestgaleria.hu\/uj\/wp-json\/wp\/v2\/comments?post=9829"}],"version-history":[{"count":31,"href":"https:\/\/budapestgaleria.hu\/uj\/wp-json\/wp\/v2\/pages\/9829\/revisions"}],"predecessor-version":[{"id":16055,"href":"https:\/\/budapestgaleria.hu\/uj\/wp-json\/wp\/v2\/pages\/9829\/revisions\/16055"}],"wp:attachment":[{"href":"https:\/\/budapestgaleria.hu\/uj\/wp-json\/wp\/v2\/media?parent=9829"}],"curies":[{"name":"wp","href":"https:\/\/api.w.org\/{rel}","templated":true}]}}